{"id":4708,"date":"2022-11-14T10:35:33","date_gmt":"2022-11-14T09:35:33","guid":{"rendered":"https:\/\/schuetze.legal\/wp-schuetze-legal-02\/imprint\/"},"modified":"2026-02-27T09:41:10","modified_gmt":"2026-02-27T08:41:10","slug":"imprint","status":"publish","type":"page","link":"https:\/\/schuetze.legal\/en\/imprint\/","title":{"rendered":"Imprint"},"content":{"rendered":"\t\t<div data-elementor-type=\"wp-page\" data-elementor-id=\"4708\" class=\"elementor elementor-4708 elementor-3705\" data-elementor-post-type=\"page\">\n\t\t\t\t\t\t<section class=\"elementor-section elementor-top-section elementor-element elementor-element-e1beeb9 elementor-section-boxed elementor-section-height-default elementor-section-height-default\" data-id=\"e1beeb9\" data-element_type=\"section\" id=\"kanzlei\" data-settings=\"{&quot;background_background&quot;:&quot;classic&quot;}\">\n\t\t\t\t\t\t<div class=\"elementor-container elementor-column-gap-default\">\n\t\t\t\t\t<div class=\"elementor-column elementor-col-100 elementor-top-column elementor-element elementor-element-b68c6b5\" data-id=\"b68c6b5\" data-element_type=\"column\" data-settings=\"{&quot;background_background&quot;:&quot;classic&quot;}\">\n\t\t\t<div class=\"elementor-widget-wrap elementor-element-populated\">\n\t\t\t\t\t\t<div class=\"elementor-element elementor-element-692c581 elementor-invisible elementor-widget elementor-widget-heading\" data-id=\"692c581\" data-element_type=\"widget\" data-settings=\"{&quot;_animation&quot;:&quot;fadeIn&quot;}\" data-widget_type=\"heading.default\">\n\t\t\t\t<div class=\"elementor-widget-container\">\n\t\t\t<h1 class=\"elementor-heading-title elementor-size-default\">Imprint<\/h1>\t\t<\/div>\n\t\t\t\t<\/div>\n\t\t\t\t\t<\/div>\n\t\t<\/div>\n\t\t\t\t\t<\/div>\n\t\t<\/section>\n\t\t\t\t<section class=\"elementor-section elementor-top-section elementor-element elementor-element-2689692 elementor-section-height-min-height elementor-section-boxed elementor-section-height-default elementor-section-items-middle\" data-id=\"2689692\" data-element_type=\"section\" data-settings=\"{&quot;background_background&quot;:&quot;classic&quot;}\">\n\t\t\t\t\t\t<div class=\"elementor-container elementor-column-gap-default\">\n\t\t\t\t\t<div class=\"elementor-column elementor-col-100 elementor-top-column elementor-element elementor-element-10ebe43\" data-id=\"10ebe43\" data-element_type=\"column\" data-settings=\"{&quot;background_background&quot;:&quot;classic&quot;}\">\n\t\t\t<div class=\"elementor-widget-wrap elementor-element-populated\">\n\t\t\t\t\t\t<div class=\"elementor-element elementor-element-95c60e3 elementor-invisible elementor-widget elementor-widget-text-editor\" data-id=\"95c60e3\" data-element_type=\"widget\" data-settings=\"{&quot;_animation&quot;:&quot;fadeIn&quot;,&quot;_animation_delay&quot;:200}\" data-widget_type=\"text-editor.default\">\n\t\t\t\t<div class=\"elementor-widget-container\">\n\t\t\t\t\t\t\t<h5><b style=\"color: #00364d; font-family: Roboto, sans-serif; font-size: 17px;\">Sch\u00fctze Legal<\/b><\/h5><p>Lawyer and notary Prof. Dr. Elisabeth Sch\u00fctze<br \/>Goethestra\u00dfe 2, 60313 Frankfurt am Main, Germany<br \/>E-Mail: mail@schuetze.legal<br \/>Tel.: +49 (0) 69 24 74 235 \u2013 00<br \/>Fax: +49 (0) 69 24 74 235 \u2013 59<\/p><p><strong>VAT number:<\/strong><br \/>DE320637070<\/p><h5>Professional liability insurance:<\/h5><p>The professional liability insurance has been effected with<br \/>Allianz Versicherungs-Aktiengesellschaft<br \/>K\u00f6niginstra\u00dfe 28<br \/>80802 M\u00fcnchen<br \/>Seat of the company: M\u00fcnchen<br \/>Register court: M\u00fcnchen HRB 75727 and meets the requirements according to \u00a7 51 BRAO. The geographical scope of the insurance coverage extends to activity in Europe.<\/p><h5>Professional title, professional chambers, supervisory authority:<\/h5><p><b>Lawyer<\/b><\/p><p>Prof. Dr. Elisabeth Sch\u00fctze has obtained her professional license in the Federal Republic of Germany and is member of the Frankfurt Bar Association.<br \/>Frankfurt Bar Association<br \/>Public entity<br \/>Bockenheimer Anlage 36<br \/>60322 Frankfurt am Main<br \/>E-Mail: <a href=\"mailto:info@rak-ffm.de\">info@rak-ffm.de<\/a><br \/>Tel.: +49 (0) 69 170098-01<br \/>Fax: +49 (0) 69 170098-50<\/p><p><b>Notary<\/b><\/p><p>The professional title \u201enotary\u201c was granted to Prof. Dr. Elisabeth Sch\u00fctze in accordance with the law of the Federal Republic of Germany based on the uniform professional regulations of the BNotO. She is member of the chamber of notaries Frankfurt am Main.<br \/>Chamber of notaries Frankfurt am Main<br \/>Bockenheimer Anlage 36<br \/>60322 Frankfurt am Main<br \/>E-Mail: <a href=\"mailto:info@notarkammer-ffm.de\">info@notarkammer-ffm.de<\/a><br \/>Tel.: +49 (0) 69 170098-02<br \/>Fax: +49 (0) 69 170098-25<\/p><p><b>Supervisory authority<\/b><\/p><p>The supervisory authority for the notaries in the district is exercised in accordance with \u00a7 92 ff. BNotO by:<br \/>President of the district court of Frankfurt am Main<br \/>District court Frankfurt am Main<br \/>Gerichtsstr. 2<br \/>60313 Frankfurt am Main<br \/>Tel: +49 (0) 69 1367-01<br \/>Fax: +49 (0) 69 1367-6050<\/p><p>President of the Higher Regional Court of Frankfurt am Main<br \/>Higher Regional Court of Frankfurt am Main<br \/>Zeil 42<br \/>60313 Frankfurt am Main<br \/>Tel.: +49 (0) 69 13 67-01<br \/>Fax: +49 (0) 69 13 67-29 76<\/p><p>State Justice Administration of the<br \/>State of Hesse<br \/>Hessian Ministry of Justice<br \/>Luisenstra\u00dfe 13<br \/>65185 Wiesbaden<br \/>Tel.: +49 (0) 611 \/ 32 2780<br \/>Fax: +49 (0) 611 \/ 32 2691<\/p><h5>Professional Regulations<\/h5><p><b>Lawyers<\/b><\/p><p>The following professional regulations apply for lawyers in the Federal Republic of Germany, that can be viewed at the website of the Federal law society\u00a0<a href=\"http:\/\/www.brak.de\" target=\"_blank\" rel=\"noopener\">http:\/\/www.brak.de<\/a>:<br \/>Federal Lawyers\u2019 Act \u2013 BRAO<br \/>Professional Code of Conduct for Lawyers \u2013 BORA<br \/>Specialist attorney regulations \u2013 FAO<br \/>Law on the Remuneration of Attorneys at Law \u2013 RVG<br \/>Law on the Activities of European Lawyers in Germany \u2013 EuRAG \u2013<br \/>Professional regulations of lawyers in the European Union \u2013 CCBE<\/p><p><b>Notaries<\/b><\/p><p>The following professional regulations apply for notaries in the Federal Republic of Germany, that can be viewed at the website of the Federal Council of Notaries\u00a0<a href=\"http:\/\/www.bnotk.de\" target=\"_blank\" rel=\"noopener\">http:\/\/www.bnotk.de<\/a>:<br \/>Federal Notarial Code \u2013 BNotO<br \/>Notarisation Act \u2013 BeurkG<br \/>Professional directive of the chamber of notaries Frankfurt am Main<br \/>Regulation for notaries \u2013 DNotO<br \/>Law concerning court and notarial fees \u2013 GnotKG<br \/>European Codex of the Notarial Code of Professional Conduct<\/p>\t\t\t\t\t\t<\/div>\n\t\t\t\t<\/div>\n\t\t\t\t<div class=\"elementor-element elementor-element-40e3de1 elementor-widget-divider--view-line elementor-widget elementor-widget-divider\" data-id=\"40e3de1\" data-element_type=\"widget\" data-widget_type=\"divider.default\">\n\t\t\t\t<div class=\"elementor-widget-container\">\n\t\t\t\t\t<div class=\"elementor-divider\">\n\t\t\t<span class=\"elementor-divider-separator\">\n\t\t\t\t\t\t<\/span>\n\t\t<\/div>\n\t\t\t\t<\/div>\n\t\t\t\t<\/div>\n\t\t\t\t<div class=\"elementor-element elementor-element-cd04920 elementor-invisible elementor-widget elementor-widget-text-editor\" data-id=\"cd04920\" data-element_type=\"widget\" data-settings=\"{&quot;_animation&quot;:&quot;fadeIn&quot;,&quot;_animation_delay&quot;:200}\" data-widget_type=\"text-editor.default\">\n\t\t\t\t<div class=\"elementor-widget-container\">\n\t\t\t\t\t\t\t<p><b>Design and conception:<\/b>\u00a0<a href=\"https:\/\/commtools.de\/\" target=\"_blank\" rel=\"noopener\">COMMTOOLS<\/a><\/p><p><b>Art direction and advice:<\/b>\u00a0<a href=\"https:\/\/www.kristinarentsch.de\/\" target=\"_blank\" rel=\"noopener\">Kristina Rentsch, Kanzlei-Marketing<\/a><\/p><p><b>Photography:<\/b> Yvonne\u00a0<a href=\"https:\/\/www.yvonnejung.com\" target=\"_blank\" rel=\"noopener\">Jung Fotografie<\/a><\/p>\t\t\t\t\t\t<\/div>\n\t\t\t\t<\/div>\n\t\t\t\t\t<\/div>\n\t\t<\/div>\n\t\t\t\t\t<\/div>\n\t\t<\/section>\n\t\t\t\t<section class=\"elementor-section elementor-top-section elementor-element elementor-element-b33554c elementor-section-boxed elementor-section-height-default elementor-section-height-default\" data-id=\"b33554c\" data-element_type=\"section\">\n\t\t\t\t\t\t<div class=\"elementor-container elementor-column-gap-default\">\n\t\t\t\t\t<div class=\"elementor-column elementor-col-100 elementor-top-column elementor-element elementor-element-827dc57\" data-id=\"827dc57\" data-element_type=\"column\">\n\t\t\t<div class=\"elementor-widget-wrap elementor-element-populated\">\n\t\t\t\t\t\t<div class=\"elementor-element elementor-element-29c45098 elementor-widget__width-auto elementor-fixed elementor-view-default elementor-invisible elementor-widget elementor-widget-icon\" data-id=\"29c45098\" data-element_type=\"widget\" data-settings=\"{&quot;motion_fx_motion_fx_scrolling&quot;:&quot;yes&quot;,&quot;motion_fx_opacity_effect&quot;:&quot;yes&quot;,&quot;motion_fx_opacity_range&quot;:{&quot;unit&quot;:&quot;%&quot;,&quot;size&quot;:&quot;&quot;,&quot;sizes&quot;:{&quot;start&quot;:5,&quot;end&quot;:20}},&quot;_position&quot;:&quot;fixed&quot;,&quot;_animation&quot;:&quot;fadeInUp&quot;,&quot;motion_fx_opacity_direction&quot;:&quot;out-in&quot;,&quot;motion_fx_opacity_level&quot;:{&quot;unit&quot;:&quot;px&quot;,&quot;size&quot;:10,&quot;sizes&quot;:[]},&quot;motion_fx_devices&quot;:[&quot;desktop&quot;,&quot;tablet&quot;,&quot;mobile&quot;]}\" data-widget_type=\"icon.default\">\n\t\t\t\t<div class=\"elementor-widget-container\">\n\t\t\t\t\t<div class=\"elementor-icon-wrapper\">\n\t\t\t<a class=\"elementor-icon\" href=\"#top\">\n\t\t\t<i aria-hidden=\"true\" class=\"icon icon-up-open-mini\"><\/i>\t\t\t<\/a>\n\t\t<\/div>\n\t\t\t\t<\/div>\n\t\t\t\t<\/div>\n\t\t\t\t\t<\/div>\n\t\t<\/div>\n\t\t\t\t\t<\/div>\n\t\t<\/section>\n\t\t\t\t<\/div>\n\t\t","protected":false},"excerpt":{"rendered":"<p>Imprint Sch\u00fctze Legal Lawyer and notary Prof. Dr. Elisabeth Sch\u00fctzeGoethestra\u00dfe 2, 60313 Frankfurt am Main, GermanyE-Mail: mail@schuetze.legalTel.: +49 (0) 69 24 74 235 \u2013 00Fax: +49 (0) 69 24 74 235 \u2013 59 VAT number:DE320637070 Professional liability insurance: The professional liability insurance has been effected withAllianz Versicherungs-AktiengesellschaftK\u00f6niginstra\u00dfe 2880802 M\u00fcnchenSeat of the company: M\u00fcnchenRegister court: M\u00fcnchen [&hellip;]<\/p>\n","protected":false},"author":1,"featured_media":0,"parent":0,"menu_order":0,"comment_status":"closed","ping_status":"closed","template":"","meta":{"inline_featured_image":false},"yoast_head":"<!-- This site is optimized with the Yoast SEO plugin v21.8.1 - https:\/\/yoast.com\/wordpress\/plugins\/seo\/ -->\n<title>Imprint - SCH\u00dcTZE LEGAL<\/title>\n<meta name=\"robots\" content=\"index, follow, max-snippet:-1, max-image-preview:large, max-video-preview:-1\" \/>\n<link rel=\"canonical\" href=\"https:\/\/schuetze.legal\/en\/imprint\/\" \/>\n<meta property=\"og:locale\" content=\"en_US\" \/>\n<meta property=\"og:type\" content=\"article\" \/>\n<meta property=\"og:title\" content=\"Imprint - SCH\u00dcTZE LEGAL\" \/>\n<meta property=\"og:description\" content=\"Imprint Sch\u00fctze Legal Lawyer and notary Prof. Dr. Elisabeth Sch\u00fctzeGoethestra\u00dfe 2, 60313 Frankfurt am Main, GermanyE-Mail: mail@schuetze.legalTel.: +49 (0) 69 24 74 235 \u2013 00Fax: +49 (0) 69 24 74 235 \u2013 59 VAT number:DE320637070 Professional liability insurance: The professional liability insurance has been effected withAllianz Versicherungs-AktiengesellschaftK\u00f6niginstra\u00dfe 2880802 M\u00fcnchenSeat of the company: M\u00fcnchenRegister court: M\u00fcnchen [&hellip;]\" \/>\n<meta property=\"og:url\" content=\"https:\/\/schuetze.legal\/en\/imprint\/\" \/>\n<meta property=\"og:site_name\" content=\"SCH\u00dcTZE LEGAL\" \/>\n<meta property=\"article:modified_time\" content=\"2026-02-27T08:41:10+00:00\" \/>\n<meta name=\"twitter:card\" content=\"summary_large_image\" \/>\n<meta name=\"twitter:label1\" content=\"Est. reading time\" \/>\n\t<meta name=\"twitter:data1\" content=\"3 minutes\" \/>\n<script type=\"application\/ld+json\" class=\"yoast-schema-graph\">{\"@context\":\"https:\/\/schema.org\",\"@graph\":[{\"@type\":\"WebPage\",\"@id\":\"https:\/\/schuetze.legal\/en\/imprint\/\",\"url\":\"https:\/\/schuetze.legal\/en\/imprint\/\",\"name\":\"Imprint - SCH\u00dcTZE LEGAL\",\"isPartOf\":{\"@id\":\"https:\/\/schuetze.legal\/#website\"},\"datePublished\":\"2022-11-14T09:35:33+00:00\",\"dateModified\":\"2026-02-27T08:41:10+00:00\",\"breadcrumb\":{\"@id\":\"https:\/\/schuetze.legal\/en\/imprint\/#breadcrumb\"},\"inLanguage\":\"en-US\",\"potentialAction\":[{\"@type\":\"ReadAction\",\"target\":[\"https:\/\/schuetze.legal\/en\/imprint\/\"]}]},{\"@type\":\"BreadcrumbList\",\"@id\":\"https:\/\/schuetze.legal\/en\/imprint\/#breadcrumb\",\"itemListElement\":[{\"@type\":\"ListItem\",\"position\":1,\"name\":\"Startseite\",\"item\":\"https:\/\/schuetze.legal\/\"},{\"@type\":\"ListItem\",\"position\":2,\"name\":\"Imprint\"}]},{\"@type\":\"WebSite\",\"@id\":\"https:\/\/schuetze.legal\/#website\",\"url\":\"https:\/\/schuetze.legal\/\",\"name\":\"SCH\u00dcTZE LEGAL\",\"description\":\"Notar Rechtsanwalt und Mediator\",\"publisher\":{\"@id\":\"https:\/\/schuetze.legal\/#organization\"},\"potentialAction\":[{\"@type\":\"SearchAction\",\"target\":{\"@type\":\"EntryPoint\",\"urlTemplate\":\"https:\/\/schuetze.legal\/?s={search_term_string}\"},\"query-input\":\"required name=search_term_string\"}],\"inLanguage\":\"en-US\"},{\"@type\":\"Organization\",\"@id\":\"https:\/\/schuetze.legal\/#organization\",\"name\":\"SCH\u00dcTZE LEGAL\",\"url\":\"https:\/\/schuetze.legal\/\",\"logo\":{\"@type\":\"ImageObject\",\"inLanguage\":\"en-US\",\"@id\":\"https:\/\/schuetze.legal\/#\/schema\/logo\/image\/\",\"url\":\"https:\/\/schuetze.legal\/wp-schuetze-legal-02\/wp-content\/uploads\/2020\/10\/Schuetze-Legal-Logo-Color_noclaim_212px.svg\",\"contentUrl\":\"https:\/\/schuetze.legal\/wp-schuetze-legal-02\/wp-content\/uploads\/2020\/10\/Schuetze-Legal-Logo-Color_noclaim_212px.svg\",\"caption\":\"SCH\u00dcTZE LEGAL\"},\"image\":{\"@id\":\"https:\/\/schuetze.legal\/#\/schema\/logo\/image\/\"}}]}<\/script>\n<!-- \/ Yoast SEO plugin. -->","yoast_head_json":{"title":"Imprint - SCH\u00dcTZE LEGAL","robots":{"index":"index","follow":"follow","max-snippet":"max-snippet:-1","max-image-preview":"max-image-preview:large","max-video-preview":"max-video-preview:-1"},"canonical":"https:\/\/schuetze.legal\/en\/imprint\/","og_locale":"en_US","og_type":"article","og_title":"Imprint - SCH\u00dcTZE LEGAL","og_description":"Imprint Sch\u00fctze Legal Lawyer and notary Prof. Dr. Elisabeth Sch\u00fctzeGoethestra\u00dfe 2, 60313 Frankfurt am Main, GermanyE-Mail: mail@schuetze.legalTel.: +49 (0) 69 24 74 235 \u2013 00Fax: +49 (0) 69 24 74 235 \u2013 59 VAT number:DE320637070 Professional liability insurance: The professional liability insurance has been effected withAllianz Versicherungs-AktiengesellschaftK\u00f6niginstra\u00dfe 2880802 M\u00fcnchenSeat of the company: M\u00fcnchenRegister court: M\u00fcnchen [&hellip;]","og_url":"https:\/\/schuetze.legal\/en\/imprint\/","og_site_name":"SCH\u00dcTZE LEGAL","article_modified_time":"2026-02-27T08:41:10+00:00","twitter_card":"summary_large_image","twitter_misc":{"Est. reading time":"3 minutes"},"schema":{"@context":"https:\/\/schema.org","@graph":[{"@type":"WebPage","@id":"https:\/\/schuetze.legal\/en\/imprint\/","url":"https:\/\/schuetze.legal\/en\/imprint\/","name":"Imprint - SCH\u00dcTZE LEGAL","isPartOf":{"@id":"https:\/\/schuetze.legal\/#website"},"datePublished":"2022-11-14T09:35:33+00:00","dateModified":"2026-02-27T08:41:10+00:00","breadcrumb":{"@id":"https:\/\/schuetze.legal\/en\/imprint\/#breadcrumb"},"inLanguage":"en-US","potentialAction":[{"@type":"ReadAction","target":["https:\/\/schuetze.legal\/en\/imprint\/"]}]},{"@type":"BreadcrumbList","@id":"https:\/\/schuetze.legal\/en\/imprint\/#breadcrumb","itemListElement":[{"@type":"ListItem","position":1,"name":"Startseite","item":"https:\/\/schuetze.legal\/"},{"@type":"ListItem","position":2,"name":"Imprint"}]},{"@type":"WebSite","@id":"https:\/\/schuetze.legal\/#website","url":"https:\/\/schuetze.legal\/","name":"SCH\u00dcTZE LEGAL","description":"Notar Rechtsanwalt und Mediator","publisher":{"@id":"https:\/\/schuetze.legal\/#organization"},"potentialAction":[{"@type":"SearchAction","target":{"@type":"EntryPoint","urlTemplate":"https:\/\/schuetze.legal\/?s={search_term_string}"},"query-input":"required name=search_term_string"}],"inLanguage":"en-US"},{"@type":"Organization","@id":"https:\/\/schuetze.legal\/#organization","name":"SCH\u00dcTZE LEGAL","url":"https:\/\/schuetze.legal\/","logo":{"@type":"ImageObject","inLanguage":"en-US","@id":"https:\/\/schuetze.legal\/#\/schema\/logo\/image\/","url":"https:\/\/schuetze.legal\/wp-schuetze-legal-02\/wp-content\/uploads\/2020\/10\/Schuetze-Legal-Logo-Color_noclaim_212px.svg","contentUrl":"https:\/\/schuetze.legal\/wp-schuetze-legal-02\/wp-content\/uploads\/2020\/10\/Schuetze-Legal-Logo-Color_noclaim_212px.svg","caption":"SCH\u00dcTZE LEGAL"},"image":{"@id":"https:\/\/schuetze.legal\/#\/schema\/logo\/image\/"}}]}},"_links":{"self":[{"href":"https:\/\/schuetze.legal\/en\/wp-json\/wp\/v2\/pages\/4708"}],"collection":[{"href":"https:\/\/schuetze.legal\/en\/wp-json\/wp\/v2\/pages"}],"about":[{"href":"https:\/\/schuetze.legal\/en\/wp-json\/wp\/v2\/types\/page"}],"author":[{"embeddable":true,"href":"https:\/\/schuetze.legal\/en\/wp-json\/wp\/v2\/users\/1"}],"replies":[{"embeddable":true,"href":"https:\/\/schuetze.legal\/en\/wp-json\/wp\/v2\/comments?post=4708"}],"version-history":[{"count":60,"href":"https:\/\/schuetze.legal\/en\/wp-json\/wp\/v2\/pages\/4708\/revisions"}],"predecessor-version":[{"id":5848,"href":"https:\/\/schuetze.legal\/en\/wp-json\/wp\/v2\/pages\/4708\/revisions\/5848"}],"wp:attachment":[{"href":"https:\/\/schuetze.legal\/en\/wp-json\/wp\/v2\/media?parent=4708"}],"curies":[{"name":"wp","href":"https:\/\/api.w.org\/{rel}","templated":true}]}}