{"id":5297,"date":"2022-09-08T12:44:07","date_gmt":"2022-09-08T10:44:07","guid":{"rendered":"https:\/\/schuetze.legal\/elisabeth-schuetze\/"},"modified":"2024-12-05T15:32:24","modified_gmt":"2024-12-05T14:32:24","slug":"elisabeth-schuetze","status":"publish","type":"page","link":"https:\/\/schuetze.legal\/en\/elisabeth-schuetze\/","title":{"rendered":"Elisabeth Sch\u00fctze"},"content":{"rendered":"\t\t<div data-elementor-type=\"wp-page\" data-elementor-id=\"5297\" class=\"elementor elementor-5297 elementor-3607\" data-elementor-post-type=\"page\">\n\t\t\t\t\t\t<section class=\"elementor-section elementor-top-section elementor-element elementor-element-108217d elementor-section-height-min-height elementor-section-boxed elementor-section-height-default elementor-section-items-middle elementor-invisible\" data-id=\"108217d\" data-element_type=\"section\" id=\"oben\" data-settings=\"{&quot;background_background&quot;:&quot;classic&quot;,&quot;animation&quot;:&quot;fadeIn&quot;}\">\n\t\t\t\t\t\t\t<div class=\"elementor-background-overlay\"><\/div>\n\t\t\t\t\t\t\t<div class=\"elementor-container elementor-column-gap-default\">\n\t\t\t\t\t<div class=\"elementor-column elementor-col-100 elementor-top-column elementor-element elementor-element-a45e3e0\" data-id=\"a45e3e0\" data-element_type=\"column\" data-settings=\"{&quot;background_background&quot;:&quot;classic&quot;}\">\n\t\t\t<div class=\"elementor-widget-wrap elementor-element-populated\">\n\t\t\t\t\t\t<div class=\"elementor-element elementor-element-66790ab elementor-widget elementor-widget-spacer\" data-id=\"66790ab\" data-element_type=\"widget\" data-widget_type=\"spacer.default\">\n\t\t\t\t<div class=\"elementor-widget-container\">\n\t\t\t\t\t<div class=\"elementor-spacer\">\n\t\t\t<div class=\"elementor-spacer-inner\"><\/div>\n\t\t<\/div>\n\t\t\t\t<\/div>\n\t\t\t\t<\/div>\n\t\t\t\t<div class=\"elementor-element elementor-element-692c581 elementor-invisible elementor-widget elementor-widget-heading\" data-id=\"692c581\" data-element_type=\"widget\" data-settings=\"{&quot;_animation&quot;:&quot;fadeIn&quot;}\" data-widget_type=\"heading.default\">\n\t\t\t\t<div class=\"elementor-widget-container\">\n\t\t\t<h2 class=\"elementor-heading-title elementor-size-default\">Elisabeth Sch\u00fctze<\/h2>\t\t<\/div>\n\t\t\t\t<\/div>\n\t\t\t\t\t<\/div>\n\t\t<\/div>\n\t\t\t\t\t<\/div>\n\t\t<\/section>\n\t\t\t\t<section class=\"elementor-section elementor-top-section elementor-element elementor-element-2689692 elementor-section-height-min-height elementor-section-boxed elementor-section-height-default elementor-section-items-middle\" data-id=\"2689692\" data-element_type=\"section\" data-settings=\"{&quot;background_background&quot;:&quot;classic&quot;}\">\n\t\t\t\t\t\t<div class=\"elementor-container elementor-column-gap-default\">\n\t\t\t\t\t<div class=\"elementor-column elementor-col-100 elementor-top-column elementor-element elementor-element-10ebe43\" data-id=\"10ebe43\" data-element_type=\"column\" data-settings=\"{&quot;background_background&quot;:&quot;classic&quot;}\">\n\t\t\t<div class=\"elementor-widget-wrap elementor-element-populated\">\n\t\t\t\t\t\t<div class=\"elementor-element elementor-element-95c60e3 elementor-invisible elementor-widget elementor-widget-text-editor\" data-id=\"95c60e3\" data-element_type=\"widget\" data-settings=\"{&quot;_animation&quot;:&quot;fadeIn&quot;,&quot;_animation_delay&quot;:200}\" data-widget_type=\"text-editor.default\">\n\t\t\t\t<div class=\"elementor-widget-container\">\n\t\t\t\t\t\t\t<p>Prof. Dr.<\/p>\n\t\t\t\t\t\t<\/div>\n\t\t\t\t<\/div>\n\t\t\t\t<div class=\"elementor-element elementor-element-f8cd296 elementor-invisible elementor-widget elementor-widget-heading\" data-id=\"f8cd296\" data-element_type=\"widget\" data-settings=\"{&quot;_animation&quot;:&quot;fadeIn&quot;,&quot;_animation_delay&quot;:100}\" data-widget_type=\"heading.default\">\n\t\t\t\t<div class=\"elementor-widget-container\">\n\t\t\t<h2 class=\"elementor-heading-title elementor-size-default\">Elisabeth Sch\u00fctze<\/h2>\t\t<\/div>\n\t\t\t\t<\/div>\n\t\t\t\t<div class=\"elementor-element elementor-element-37321d3 elementor-invisible elementor-widget elementor-widget-text-editor\" data-id=\"37321d3\" data-element_type=\"widget\" data-settings=\"{&quot;_animation&quot;:&quot;fadeIn&quot;,&quot;_animation_delay&quot;:200}\" data-widget_type=\"text-editor.default\">\n\t\t\t\t<div class=\"elementor-widget-container\">\n\t\t\t\t\t\t\t<p style=\"font-weight: 400;\">Lawyer, notary and mediator<\/p>\n\t\t\t\t\t\t<\/div>\n\t\t\t\t<\/div>\n\t\t\t\t<section class=\"elementor-section elementor-inner-section elementor-element elementor-element-16c1494 elementor-section-boxed elementor-section-height-default elementor-section-height-default\" data-id=\"16c1494\" data-element_type=\"section\">\n\t\t\t\t\t\t<div class=\"elementor-container elementor-column-gap-default\">\n\t\t\t\t\t<div class=\"elementor-column elementor-col-33 elementor-inner-column elementor-element elementor-element-d901e5f elementor-invisible\" data-id=\"d901e5f\" data-element_type=\"column\" data-settings=\"{&quot;animation&quot;:&quot;fadeIn&quot;,&quot;animation_delay&quot;:200}\">\n\t\t\t<div class=\"elementor-widget-wrap elementor-element-populated\">\n\t\t\t\t\t\t<div class=\"elementor-element elementor-element-b1fb2f7 elementor-widget elementor-widget-text-editor\" data-id=\"b1fb2f7\" data-element_type=\"widget\" data-widget_type=\"text-editor.default\">\n\t\t\t\t<div class=\"elementor-widget-container\">\n\t\t\t\t\t\t\t<p style=\"font-weight: 400;\">Prof. Dr. Elisabeth Sch\u00fctze is a lawyer and civil law notary. She further teaches part-time at the University of Applied Sciences Aschaffenburg, among others real estate law and mediation.<\/p><p style=\"font-weight: 400;\">In her practice she advises and assists her clients in all notarial matters. Due to her many years of experience in a major law firm in Frankfurt, Mrs. Sch\u00fctze can respond precisely to the wishes of lawyers and companies in the transaction business and knows their requirements, also and especially in an international context. In addition to German, notarisations can be made in English as well as in Spanish.<\/p><p style=\"font-weight: 400;\">However, Mrs. Sch\u00fctze also takes a close look at private clients, understands them in concrete terms and develops individually tailored solutions for their concerns. As a mediator, she can provide particularly competent support for disputed notarial matters and challenging contract negotiations.<\/p><p style=\"font-weight: 400;\">Elisabeth Sch\u00fctze acts as an employer representative in the vocational training committee of the Chamber of Notaries in Frankfurt am Main. She is a member of the Institute for Real Estate Economics and Management at the Technical University of Aschaffenburg and Honorary Judge at the Higher Regional Court of Frankfurt am Main \u2013 Senate for notarial matters.<\/p>\t\t\t\t\t\t<\/div>\n\t\t\t\t<\/div>\n\t\t\t\t<div class=\"elementor-element elementor-element-d702bc4 elementor-widget elementor-widget-text-editor\" data-id=\"d702bc4\" data-element_type=\"widget\" data-widget_type=\"text-editor.default\">\n\t\t\t\t<div class=\"elementor-widget-container\">\n\t\t\t\t\t\t\t<span style=\"color: #16a871; font-weight: 600;\">T <\/span><a href=\"tel:+4969 247423500\">+49 (0) 69 2474235 00<\/a>\r\n<br>\r\n<span style=\"color: #16a871; font-weight: 600;\">F <\/span><a href=\"tel:+4969 247423559\">+49 (0) 69 2474235 59<\/a>\r\n<br>\r\n<span style=\"color: #16a871; font-weight: 600;\">E<\/span>\u00a0<a href=\"mailto: schuetze@schuetze.legal\" rel=\"noopener\">schuetze@schuetze.legal<\/a>\r\n<br>\r\n<span style=\"color: #16a871; font-weight: 600;\">&#8211;<\/span>\u00a0<a href=\"https:\/\/schuetze.legal\/wp-schuetze-legal-02\/vcards\/Elisabeth-Schuetze.vcf\" rel=\"noopener\">vCard<\/a>\r\n<br>\r\n<span style=\"color: #16a871; font-weight: 600;\">&#8211;<\/span>\u00a0<a href=\"https:\/\/www.linkedin.com\/in\/prof-dr-elisabeth-sch\u00fctze-1b3193172\/\" target=\"_blank\" rel=\"noopener\">Linkedin<\/a>\t\t\t\t\t\t<\/div>\n\t\t\t\t<\/div>\n\t\t\t\t\t<\/div>\n\t\t<\/div>\n\t\t\t\t<div class=\"elementor-column elementor-col-33 elementor-inner-column elementor-element elementor-element-89fe6b5\" data-id=\"89fe6b5\" data-element_type=\"column\">\n\t\t\t<div class=\"elementor-widget-wrap\">\n\t\t\t\t\t\t\t<\/div>\n\t\t<\/div>\n\t\t\t\t<div class=\"elementor-column elementor-col-33 elementor-inner-column elementor-element elementor-element-563eb17 elementor-invisible\" data-id=\"563eb17\" data-element_type=\"column\" data-settings=\"{&quot;animation&quot;:&quot;fadeIn&quot;,&quot;animation_delay&quot;:300}\">\n\t\t\t<div class=\"elementor-widget-wrap elementor-element-populated\">\n\t\t\t\t\t\t<div class=\"elementor-element elementor-element-21bdbb6 elementor-widget elementor-widget-heading\" data-id=\"21bdbb6\" data-element_type=\"widget\" data-widget_type=\"heading.default\">\n\t\t\t\t<div class=\"elementor-widget-container\">\n\t\t\t<h5 class=\"elementor-heading-title elementor-size-default\">Vita<\/h5>\t\t<\/div>\n\t\t\t\t<\/div>\n\t\t\t\t<div class=\"elementor-element elementor-element-0d685fc elementor-widget elementor-widget-text-editor\" data-id=\"0d685fc\" data-element_type=\"widget\" data-widget_type=\"text-editor.default\">\n\t\t\t\t<div class=\"elementor-widget-container\">\n\t\t\t\t\t\t\t<ul><li>Studies at the Universities of Rostock, W\u00fcrzburg and Salamanca (Spain)<\/li><li>PhD at the University of W\u00fcrzburg<\/li><li>Legal clerkship at the Hanseatic Higher Regional Court of Hamburg<\/li><li>Previous work at the Max Planck Institute in Hamburg and for a major law firm<\/li><li>Member of the Vocational Training Committee of the Chamber of Notaries Frankfurt am Main<\/li><li>Member of the Institute for Real Estate Economics and Management at the University of Applied Sciences Aschaffenburg<\/li><li>Honorary Judge at the Higher Regional Court of Frankfurt am Main \u2013 Senate for notarial matters<\/li><\/ul>\t\t\t\t\t\t<\/div>\n\t\t\t\t<\/div>\n\t\t\t\t<div class=\"elementor-element elementor-element-2d4bd71 elementor-widget elementor-widget-heading\" data-id=\"2d4bd71\" data-element_type=\"widget\" data-widget_type=\"heading.default\">\n\t\t\t\t<div class=\"elementor-widget-container\">\n\t\t\t<h5 class=\"elementor-heading-title elementor-size-default\">Lectureships<\/h5>\t\t<\/div>\n\t\t\t\t<\/div>\n\t\t\t\t<div class=\"elementor-element elementor-element-1564b88 elementor-widget elementor-widget-text-editor\" data-id=\"1564b88\" data-element_type=\"widget\" data-widget_type=\"text-editor.default\">\n\t\t\t\t<div class=\"elementor-widget-container\">\n\t\t\t\t\t\t\t<ul>\n<li>\n<p style=\"font-weight: 400;\">Professorship for Civil Law and Mediation at the University of Applied Sciences in Aschaffenburg, Germany<\/p>\n<\/li>\n<\/ul>\n\t\t\t\t\t\t<\/div>\n\t\t\t\t<\/div>\n\t\t\t\t\t<\/div>\n\t\t<\/div>\n\t\t\t\t\t<\/div>\n\t\t<\/section>\n\t\t\t\t\t<\/div>\n\t\t<\/div>\n\t\t\t\t\t<\/div>\n\t\t<\/section>\n\t\t\t\t<section class=\"elementor-section elementor-top-section elementor-element elementor-element-6825e7a3 elementor-section-height-min-height elementor-section-boxed elementor-section-height-default elementor-section-items-middle elementor-invisible\" data-id=\"6825e7a3\" data-element_type=\"section\" data-settings=\"{&quot;background_background&quot;:&quot;classic&quot;,&quot;animation&quot;:&quot;fadeIn&quot;}\">\n\t\t\t\t\t\t\t<div class=\"elementor-background-overlay\"><\/div>\n\t\t\t\t\t\t\t<div class=\"elementor-container elementor-column-gap-default\">\n\t\t\t\t\t<div class=\"elementor-column elementor-col-100 elementor-top-column elementor-element elementor-element-2f90a1c6\" data-id=\"2f90a1c6\" data-element_type=\"column\" data-settings=\"{&quot;background_background&quot;:&quot;classic&quot;}\">\n\t\t\t<div class=\"elementor-widget-wrap elementor-element-populated\">\n\t\t\t\t\t<div class=\"elementor-background-overlay\"><\/div>\n\t\t\t\t\t\t<section class=\"elementor-section elementor-inner-section elementor-element elementor-element-26b8b0de elementor-section-height-min-height elementor-section-boxed elementor-section-height-default\" data-id=\"26b8b0de\" data-element_type=\"section\">\n\t\t\t\t\t\t<div class=\"elementor-container elementor-column-gap-default\">\n\t\t\t\t\t<div class=\"make-column-clickable-elementor elementor-column elementor-col-25 elementor-inner-column elementor-element elementor-element-89cc88b\" style=\"cursor: pointer;\" data-column-clickable=\"https:\/\/schuetze.legal\/en\" data-column-clickable-blank=\"_self\" data-id=\"89cc88b\" data-element_type=\"column\" data-settings=\"{&quot;background_background&quot;:&quot;classic&quot;}\">\n\t\t\t<div class=\"elementor-widget-wrap elementor-element-populated\">\n\t\t\t\t\t\t<div class=\"elementor-element elementor-element-508929bd elementor-widget elementor-widget-text-editor\" data-id=\"508929bd\" data-element_type=\"widget\" data-widget_type=\"text-editor.default\">\n\t\t\t\t<div class=\"elementor-widget-container\">\n\t\t\t\t\t\t\t<p style=\"text-align: center;\">HOME<\/p>\n\t\t\t\t\t\t<\/div>\n\t\t\t\t<\/div>\n\t\t\t\t\t<\/div>\n\t\t<\/div>\n\t\t\t\t<div class=\"make-column-clickable-elementor elementor-column elementor-col-25 elementor-inner-column elementor-element elementor-element-65ffa0c8\" style=\"cursor: pointer;\" data-column-clickable=\"https:\/\/schuetze.legal\/en\/#kanzlei\" data-column-clickable-blank=\"_self\" data-id=\"65ffa0c8\" data-element_type=\"column\" data-settings=\"{&quot;background_background&quot;:&quot;classic&quot;}\">\n\t\t\t<div class=\"elementor-widget-wrap elementor-element-populated\">\n\t\t\t\t\t\t<div class=\"elementor-element elementor-element-54d0aded elementor-widget elementor-widget-text-editor\" data-id=\"54d0aded\" data-element_type=\"widget\" data-widget_type=\"text-editor.default\">\n\t\t\t\t<div class=\"elementor-widget-container\">\n\t\t\t\t\t\t\t<p style=\"text-align: center;\">OFFICE<\/p>\n\t\t\t\t\t\t<\/div>\n\t\t\t\t<\/div>\n\t\t\t\t\t<\/div>\n\t\t<\/div>\n\t\t\t\t<div class=\"make-column-clickable-elementor elementor-column elementor-col-25 elementor-inner-column elementor-element elementor-element-120d66b2\" style=\"cursor: pointer;\" data-column-clickable=\"https:\/\/schuetze.legal\/en\/#kompetenzen\" data-column-clickable-blank=\"_self\" data-id=\"120d66b2\" data-element_type=\"column\" data-settings=\"{&quot;background_background&quot;:&quot;classic&quot;}\">\n\t\t\t<div class=\"elementor-widget-wrap elementor-element-populated\">\n\t\t\t\t\t\t<div class=\"elementor-element elementor-element-4b1d089c elementor-widget elementor-widget-text-editor\" data-id=\"4b1d089c\" data-element_type=\"widget\" data-widget_type=\"text-editor.default\">\n\t\t\t\t<div class=\"elementor-widget-container\">\n\t\t\t\t\t\t\t<p style=\"text-align: center;\">SKILLS<\/p>\n\t\t\t\t\t\t<\/div>\n\t\t\t\t<\/div>\n\t\t\t\t\t<\/div>\n\t\t<\/div>\n\t\t\t\t<div class=\"make-column-clickable-elementor elementor-column elementor-col-25 elementor-inner-column elementor-element elementor-element-69aed771\" style=\"cursor: pointer;\" data-column-clickable=\"https:\/\/schuetze.legal\/en\/#kontakt\" data-column-clickable-blank=\"_self\" data-id=\"69aed771\" data-element_type=\"column\" data-settings=\"{&quot;background_background&quot;:&quot;classic&quot;}\">\n\t\t\t<div class=\"elementor-widget-wrap elementor-element-populated\">\n\t\t\t\t\t\t<div class=\"elementor-element elementor-element-7aeef143 elementor-widget elementor-widget-text-editor\" data-id=\"7aeef143\" data-element_type=\"widget\" data-widget_type=\"text-editor.default\">\n\t\t\t\t<div class=\"elementor-widget-container\">\n\t\t\t\t\t\t\t<p style=\"text-align: center;\">CONTACT<\/p>\n\t\t\t\t\t\t<\/div>\n\t\t\t\t<\/div>\n\t\t\t\t\t<\/div>\n\t\t<\/div>\n\t\t\t\t\t<\/div>\n\t\t<\/section>\n\t\t\t\t\t<\/div>\n\t\t<\/div>\n\t\t\t\t\t<\/div>\n\t\t<\/section>\n\t\t\t\t<section class=\"elementor-section elementor-top-section elementor-element elementor-element-e33a2f1 elementor-section-height-min-height elementor-section-boxed elementor-section-height-default elementor-section-items-middle\" data-id=\"e33a2f1\" data-element_type=\"section\" data-settings=\"{&quot;background_background&quot;:&quot;classic&quot;}\">\n\t\t\t\t\t\t<div class=\"elementor-container elementor-column-gap-default\">\n\t\t\t\t\t<div class=\"elementor-column elementor-col-100 elementor-top-column elementor-element elementor-element-5121e9f5\" data-id=\"5121e9f5\" data-element_type=\"column\" data-settings=\"{&quot;background_background&quot;:&quot;classic&quot;}\">\n\t\t\t<div class=\"elementor-widget-wrap elementor-element-populated\">\n\t\t\t\t\t\t<div class=\"elementor-element elementor-element-1287bc5f elementor-widget elementor-widget-spacer\" data-id=\"1287bc5f\" data-element_type=\"widget\" data-widget_type=\"spacer.default\">\n\t\t\t\t<div class=\"elementor-widget-container\">\n\t\t\t\t\t<div class=\"elementor-spacer\">\n\t\t\t<div class=\"elementor-spacer-inner\"><\/div>\n\t\t<\/div>\n\t\t\t\t<\/div>\n\t\t\t\t<\/div>\n\t\t\t\t\t<\/div>\n\t\t<\/div>\n\t\t\t\t\t<\/div>\n\t\t<\/section>\n\t\t\t\t<section class=\"elementor-section elementor-top-section elementor-element elementor-element-b33554c elementor-section-boxed elementor-section-height-default elementor-section-height-default\" data-id=\"b33554c\" data-element_type=\"section\">\n\t\t\t\t\t\t<div class=\"elementor-container elementor-column-gap-default\">\n\t\t\t\t\t<div class=\"elementor-column elementor-col-100 elementor-top-column elementor-element elementor-element-827dc57\" data-id=\"827dc57\" data-element_type=\"column\">\n\t\t\t<div class=\"elementor-widget-wrap elementor-element-populated\">\n\t\t\t\t\t\t<div class=\"elementor-element elementor-element-29c45098 elementor-widget__width-auto elementor-fixed elementor-view-default elementor-invisible elementor-widget elementor-widget-icon\" data-id=\"29c45098\" data-element_type=\"widget\" data-settings=\"{&quot;motion_fx_motion_fx_scrolling&quot;:&quot;yes&quot;,&quot;motion_fx_opacity_effect&quot;:&quot;yes&quot;,&quot;motion_fx_opacity_range&quot;:{&quot;unit&quot;:&quot;%&quot;,&quot;size&quot;:&quot;&quot;,&quot;sizes&quot;:{&quot;start&quot;:5,&quot;end&quot;:20}},&quot;_position&quot;:&quot;fixed&quot;,&quot;_animation&quot;:&quot;fadeInUp&quot;,&quot;motion_fx_opacity_direction&quot;:&quot;out-in&quot;,&quot;motion_fx_opacity_level&quot;:{&quot;unit&quot;:&quot;px&quot;,&quot;size&quot;:10,&quot;sizes&quot;:[]},&quot;motion_fx_devices&quot;:[&quot;desktop&quot;,&quot;tablet&quot;,&quot;mobile&quot;]}\" data-widget_type=\"icon.default\">\n\t\t\t\t<div class=\"elementor-widget-container\">\n\t\t\t\t\t<div class=\"elementor-icon-wrapper\">\n\t\t\t<a class=\"elementor-icon\" href=\"#top\">\n\t\t\t<i aria-hidden=\"true\" class=\"icon icon-up-open-mini\"><\/i>\t\t\t<\/a>\n\t\t<\/div>\n\t\t\t\t<\/div>\n\t\t\t\t<\/div>\n\t\t\t\t\t<\/div>\n\t\t<\/div>\n\t\t\t\t\t<\/div>\n\t\t<\/section>\n\t\t\t\t<\/div>\n\t\t","protected":false},"excerpt":{"rendered":"<p>Elisabeth Sch\u00fctze Prof. Dr. Elisabeth Sch\u00fctze Lawyer, notary and mediator Prof. Dr. Elisabeth Sch\u00fctze is a lawyer and civil law notary. She further teaches part-time at the University of Applied Sciences Aschaffenburg, among others real estate law and mediation. In her practice she advises and assists her clients in all notarial matters. Due to her [&hellip;]<\/p>\n","protected":false},"author":1,"featured_media":0,"parent":0,"menu_order":0,"comment_status":"closed","ping_status":"closed","template":"","meta":{"inline_featured_image":false},"yoast_head":"<!-- This site is optimized with the Yoast SEO plugin v21.8.1 - https:\/\/yoast.com\/wordpress\/plugins\/seo\/ -->\n<title>Elisabeth Sch\u00fctze - SCH\u00dcTZE LEGAL<\/title>\n<meta name=\"robots\" content=\"index, follow, max-snippet:-1, max-image-preview:large, max-video-preview:-1\" \/>\n<link rel=\"canonical\" href=\"https:\/\/schuetze.legal\/en\/elisabeth-schuetze\/\" \/>\n<meta property=\"og:locale\" content=\"en_US\" \/>\n<meta property=\"og:type\" content=\"article\" \/>\n<meta property=\"og:title\" content=\"Elisabeth Sch\u00fctze - SCH\u00dcTZE LEGAL\" \/>\n<meta property=\"og:description\" content=\"Elisabeth Sch\u00fctze Prof. Dr. Elisabeth Sch\u00fctze Lawyer, notary and mediator Prof. Dr. Elisabeth Sch\u00fctze is a lawyer and civil law notary. She further teaches part-time at the University of Applied Sciences Aschaffenburg, among others real estate law and mediation. In her practice she advises and assists her clients in all notarial matters. Due to her [&hellip;]\" \/>\n<meta property=\"og:url\" content=\"https:\/\/schuetze.legal\/en\/elisabeth-schuetze\/\" \/>\n<meta property=\"og:site_name\" content=\"SCH\u00dcTZE LEGAL\" \/>\n<meta property=\"article:modified_time\" content=\"2024-12-05T14:32:24+00:00\" \/>\n<meta name=\"twitter:card\" content=\"summary_large_image\" \/>\n<meta name=\"twitter:label1\" content=\"Est. reading time\" \/>\n\t<meta name=\"twitter:data1\" content=\"2 minutes\" \/>\n<script type=\"application\/ld+json\" class=\"yoast-schema-graph\">{\"@context\":\"https:\/\/schema.org\",\"@graph\":[{\"@type\":\"WebPage\",\"@id\":\"https:\/\/schuetze.legal\/en\/elisabeth-schuetze\/\",\"url\":\"https:\/\/schuetze.legal\/en\/elisabeth-schuetze\/\",\"name\":\"Elisabeth Sch\u00fctze - SCH\u00dcTZE LEGAL\",\"isPartOf\":{\"@id\":\"https:\/\/schuetze.legal\/#website\"},\"datePublished\":\"2022-09-08T10:44:07+00:00\",\"dateModified\":\"2024-12-05T14:32:24+00:00\",\"breadcrumb\":{\"@id\":\"https:\/\/schuetze.legal\/en\/elisabeth-schuetze\/#breadcrumb\"},\"inLanguage\":\"en-US\",\"potentialAction\":[{\"@type\":\"ReadAction\",\"target\":[\"https:\/\/schuetze.legal\/en\/elisabeth-schuetze\/\"]}]},{\"@type\":\"BreadcrumbList\",\"@id\":\"https:\/\/schuetze.legal\/en\/elisabeth-schuetze\/#breadcrumb\",\"itemListElement\":[{\"@type\":\"ListItem\",\"position\":1,\"name\":\"Startseite\",\"item\":\"https:\/\/schuetze.legal\/\"},{\"@type\":\"ListItem\",\"position\":2,\"name\":\"Elisabeth Sch\u00fctze\"}]},{\"@type\":\"WebSite\",\"@id\":\"https:\/\/schuetze.legal\/#website\",\"url\":\"https:\/\/schuetze.legal\/\",\"name\":\"SCH\u00dcTZE LEGAL\",\"description\":\"Notar Rechtsanwalt und Mediator\",\"publisher\":{\"@id\":\"https:\/\/schuetze.legal\/#organization\"},\"potentialAction\":[{\"@type\":\"SearchAction\",\"target\":{\"@type\":\"EntryPoint\",\"urlTemplate\":\"https:\/\/schuetze.legal\/?s={search_term_string}\"},\"query-input\":\"required name=search_term_string\"}],\"inLanguage\":\"en-US\"},{\"@type\":\"Organization\",\"@id\":\"https:\/\/schuetze.legal\/#organization\",\"name\":\"SCH\u00dcTZE LEGAL\",\"url\":\"https:\/\/schuetze.legal\/\",\"logo\":{\"@type\":\"ImageObject\",\"inLanguage\":\"en-US\",\"@id\":\"https:\/\/schuetze.legal\/#\/schema\/logo\/image\/\",\"url\":\"https:\/\/schuetze.legal\/wp-schuetze-legal-02\/wp-content\/uploads\/2020\/10\/Schuetze-Legal-Logo-Color_noclaim_212px.svg\",\"contentUrl\":\"https:\/\/schuetze.legal\/wp-schuetze-legal-02\/wp-content\/uploads\/2020\/10\/Schuetze-Legal-Logo-Color_noclaim_212px.svg\",\"caption\":\"SCH\u00dcTZE LEGAL\"},\"image\":{\"@id\":\"https:\/\/schuetze.legal\/#\/schema\/logo\/image\/\"}}]}<\/script>\n<!-- \/ Yoast SEO plugin. -->","yoast_head_json":{"title":"Elisabeth Sch\u00fctze - SCH\u00dcTZE LEGAL","robots":{"index":"index","follow":"follow","max-snippet":"max-snippet:-1","max-image-preview":"max-image-preview:large","max-video-preview":"max-video-preview:-1"},"canonical":"https:\/\/schuetze.legal\/en\/elisabeth-schuetze\/","og_locale":"en_US","og_type":"article","og_title":"Elisabeth Sch\u00fctze - SCH\u00dcTZE LEGAL","og_description":"Elisabeth Sch\u00fctze Prof. Dr. Elisabeth Sch\u00fctze Lawyer, notary and mediator Prof. Dr. Elisabeth Sch\u00fctze is a lawyer and civil law notary. She further teaches part-time at the University of Applied Sciences Aschaffenburg, among others real estate law and mediation. In her practice she advises and assists her clients in all notarial matters. Due to her [&hellip;]","og_url":"https:\/\/schuetze.legal\/en\/elisabeth-schuetze\/","og_site_name":"SCH\u00dcTZE LEGAL","article_modified_time":"2024-12-05T14:32:24+00:00","twitter_card":"summary_large_image","twitter_misc":{"Est. reading time":"2 minutes"},"schema":{"@context":"https:\/\/schema.org","@graph":[{"@type":"WebPage","@id":"https:\/\/schuetze.legal\/en\/elisabeth-schuetze\/","url":"https:\/\/schuetze.legal\/en\/elisabeth-schuetze\/","name":"Elisabeth Sch\u00fctze - SCH\u00dcTZE LEGAL","isPartOf":{"@id":"https:\/\/schuetze.legal\/#website"},"datePublished":"2022-09-08T10:44:07+00:00","dateModified":"2024-12-05T14:32:24+00:00","breadcrumb":{"@id":"https:\/\/schuetze.legal\/en\/elisabeth-schuetze\/#breadcrumb"},"inLanguage":"en-US","potentialAction":[{"@type":"ReadAction","target":["https:\/\/schuetze.legal\/en\/elisabeth-schuetze\/"]}]},{"@type":"BreadcrumbList","@id":"https:\/\/schuetze.legal\/en\/elisabeth-schuetze\/#breadcrumb","itemListElement":[{"@type":"ListItem","position":1,"name":"Startseite","item":"https:\/\/schuetze.legal\/"},{"@type":"ListItem","position":2,"name":"Elisabeth Sch\u00fctze"}]},{"@type":"WebSite","@id":"https:\/\/schuetze.legal\/#website","url":"https:\/\/schuetze.legal\/","name":"SCH\u00dcTZE LEGAL","description":"Notar Rechtsanwalt und Mediator","publisher":{"@id":"https:\/\/schuetze.legal\/#organization"},"potentialAction":[{"@type":"SearchAction","target":{"@type":"EntryPoint","urlTemplate":"https:\/\/schuetze.legal\/?s={search_term_string}"},"query-input":"required name=search_term_string"}],"inLanguage":"en-US"},{"@type":"Organization","@id":"https:\/\/schuetze.legal\/#organization","name":"SCH\u00dcTZE LEGAL","url":"https:\/\/schuetze.legal\/","logo":{"@type":"ImageObject","inLanguage":"en-US","@id":"https:\/\/schuetze.legal\/#\/schema\/logo\/image\/","url":"https:\/\/schuetze.legal\/wp-schuetze-legal-02\/wp-content\/uploads\/2020\/10\/Schuetze-Legal-Logo-Color_noclaim_212px.svg","contentUrl":"https:\/\/schuetze.legal\/wp-schuetze-legal-02\/wp-content\/uploads\/2020\/10\/Schuetze-Legal-Logo-Color_noclaim_212px.svg","caption":"SCH\u00dcTZE LEGAL"},"image":{"@id":"https:\/\/schuetze.legal\/#\/schema\/logo\/image\/"}}]}},"_links":{"self":[{"href":"https:\/\/schuetze.legal\/en\/wp-json\/wp\/v2\/pages\/5297"}],"collection":[{"href":"https:\/\/schuetze.legal\/en\/wp-json\/wp\/v2\/pages"}],"about":[{"href":"https:\/\/schuetze.legal\/en\/wp-json\/wp\/v2\/types\/page"}],"author":[{"embeddable":true,"href":"https:\/\/schuetze.legal\/en\/wp-json\/wp\/v2\/users\/1"}],"replies":[{"embeddable":true,"href":"https:\/\/schuetze.legal\/en\/wp-json\/wp\/v2\/comments?post=5297"}],"version-history":[{"count":29,"href":"https:\/\/schuetze.legal\/en\/wp-json\/wp\/v2\/pages\/5297\/revisions"}],"predecessor-version":[{"id":5819,"href":"https:\/\/schuetze.legal\/en\/wp-json\/wp\/v2\/pages\/5297\/revisions\/5819"}],"wp:attachment":[{"href":"https:\/\/schuetze.legal\/en\/wp-json\/wp\/v2\/media?parent=5297"}],"curies":[{"name":"wp","href":"https:\/\/api.w.org\/{rel}","templated":true}]}}